{"id":2,"date":"2021-01-03T21:41:23","date_gmt":"2021-01-03T21:41:23","guid":{"rendered":"https:\/\/t2misu.de\/?page_id=2"},"modified":"2021-05-01T18:05:18","modified_gmt":"2021-05-01T18:05:18","slug":"datenschutz","status":"publish","type":"page","link":"https:\/\/t2misu.de\/?page_id=2","title":{"rendered":"Datenschutzerkl\u00e4rung"},"content":{"rendered":"<p>[vc_row bg_type=&#8221;bg_color&#8221; bg_color_value=&#8221;rgba(89,89,89,0.76)&#8221;][vc_column][vc_column_text]<\/p>\n<p><span style=\"font-size: 14pt; color: #ffffff;\">Die Nutzung unserer Webseite ist in der Regel ohne Angabe personenbezogener Daten m\u00f6glich. Soweit auf unseren Seiten personenbezogene Daten (beispielsweise Name, Anschrift oder eMail-Adressen) erhoben werden, werden diese nur zum firmeninternen Gebrauch wie beispielweise Kontaktaufnahme verwendet. Die Daten werden nicht an Dritte weitergegeben. Wir weisen darauf hin, dass die Daten\u00fcbertragung im Internet (z.B. bei der Kommunikation per E-Mail) Sicherheitsl\u00fccken aufweisen kann. Ein l\u00fcckenloser Schutz der Daten vor dem Zugriff durch Dritte ist nicht m\u00f6glich. Der Nutzung von im Rahmen der Impressumspflicht ver\u00f6ffentlichten Kontaktdaten durch Dritte zur \u00dcbersendung von nicht ausdr\u00fccklich angeforderter Werbung und Informationsmaterialien wird hiermit ausdr\u00fccklich widersprochen. Die Betreiber der Seiten behalten sich ausdr\u00fccklich rechtliche Schritte im Falle der unverlangten Zusendung von Werbeinformationen, etwa durch Spam-Mails, vor.<\/span><\/p>\n<p><span style=\"font-size: 14pt; color: #ffffff;\"><\/span><\/p>\n<p><span style=\"color: #ffffff;\">Arten der verarbeiteten Daten:<\/span><\/p>\n<p><span style=\"font-size: 14pt; color: #ffffff;\"><\/span><\/p>\n<p><span style=\"color: #ffffff;\">\u2013 Bestandsdaten (z.B., Namen, Adressen).<\/span><\/p>\n<p><span style=\"font-size: 14pt; color: #ffffff;\"><\/span><\/p>\n<p><span style=\"color: #ffffff;\">\u2013 Kontaktdaten (z.B., E-Mail, Telefonnummern).<\/span><\/p>\n<p><span style=\"font-size: 14pt; color: #ffffff;\"><\/span><\/p>\n<p><span style=\"color: #ffffff;\">\u2013 Inhaltsdaten (z.B., Texteingaben, Fotografien, Videos).<\/span><\/p>\n<p><span style=\"font-size: 14pt; color: #ffffff;\"><\/span><\/p>\n<p><span style=\"color: #ffffff;\">\u2013 Nutzungsdaten (z.B., besuchte Webseiten, Interesse an Inhalten, Zugriffszeiten).<\/span><\/p>\n<p><span style=\"font-size: 14pt; color: #ffffff;\"><\/span><\/p>\n<p><span style=\"color: #ffffff;\">\u2013 Meta-\/Kommunikationsdaten (z.B., Ger\u00e4te-Informationen, IP-Adressen).<\/span><\/p>\n<p><span style=\"font-size: 14pt; color: #ffffff;\">\u00a0<\/span><\/p>\n<p><span style=\"font-size: 14pt; color: #ffffff;\"><\/span><\/p>\n<h4 class=\"wp-block-heading\"><span style=\"font-size: 14pt; color: #ffffff;\"><strong>ZWECK DER VERARBEITUNG<\/strong><\/span><\/h4>\n<p><span style=\"font-size: 14pt; color: #ffffff;\"><\/span><\/p>\n<p><span style=\"color: #ffffff;\">\u2013 Zurverf\u00fcgungstellung des Onlineangebotes, seiner Funktionen und Inhalte.<\/span><\/p>\n<p><span style=\"font-size: 14pt; color: #ffffff;\"><\/span><\/p>\n<p><span style=\"color: #ffffff;\">\u2013 Beantwortung von Kontaktanfragen und Kommunikation mit Nutzern.<\/span><\/p>\n<p><span style=\"font-size: 14pt; color: #ffffff;\"><\/span><\/p>\n<p><span style=\"color: #ffffff;\">\u2013 Sicherheitsma\u00dfnahmen.<\/span><\/p>\n<p><span style=\"font-size: 14pt; color: #ffffff;\"><\/span><\/p>\n<p><span style=\"color: #ffffff;\">\u2013 Reichweitenmessung\/Marketing<\/span><\/p>\n<p><span style=\"font-size: 14pt; color: #ffffff;\">\u00a0<\/span><\/p>\n<p><span style=\"font-size: 14pt; color: #ffffff;\"><\/span><\/p>\n<h4 class=\"wp-block-heading\"><span style=\"font-size: 14pt; color: #ffffff;\"><strong>HINWEIS ZUR VERANTWORTLICHEN STELLE<\/strong><\/span><\/h4>\n<p><span style=\"font-size: 14pt; color: #ffffff;\"><\/span><\/p>\n<p><span style=\"color: #ffffff;\">Die verantwortliche Stelle f\u00fcr die Datenverarbeitung auf dieser Website ist:<\/span><\/p>\n<p><span style=\"font-size: 14pt; color: #ffffff;\"><\/span><\/p>\n<p><span style=\"color: #ffffff;\"><span style=\"font-size: 14pt;\">Adresse:\u00a0<\/span><span style=\"font-size: 14pt;\">Schulzendorfer Str. 1, 15732 Eichwalde<\/span><br \/><span style=\"font-size: 14pt;\">Inhaber \/ Gesch\u00e4ftf\u00fchrer: LE THANH THUY<\/span><\/span><br \/><span style=\"color: #ffffff;\"><span style=\"font-size: 14pt;\">Telefon: +49\u00a0<\/span><span style=\"font-size: 14pt;\">157 8427 6146<\/span><\/span><\/p>\n<p><span style=\"font-size: 14pt; color: #ffffff;\"><\/span><\/p>\n<p><span style=\"color: #ffffff;\">Verantwortliche Stelle ist die nat\u00fcrliche oder juristische Person, die allein oder gemeinsam mit anderen \u00fcber die Zwecke und Mittel der Verarbeitung von personenbezogenen Daten (z.B. Namen, E-Mail-Adressen o. \u00c4.) entscheidet.<\/span><\/p>\n<p><span style=\"font-size: 14pt; color: #ffffff;\">\u00a0<\/span><\/p>\n<p><span style=\"font-size: 14pt; color: #ffffff;\"><\/span><\/p>\n<h4 class=\"wp-block-heading\"><span style=\"font-size: 14pt; color: #ffffff;\"><strong>SSL- BZW. TLS-VERSCHL\u00dcSSELUNG<\/strong><\/span><\/h4>\n<p><span style=\"font-size: 14pt; color: #ffffff;\"><\/span><\/p>\n<p><span style=\"color: #ffffff;\">Diese Seite nutzt aus Sicherheitsgr\u00fcnden und zum Schutz der \u00dcbertragung vertraulicher Inhalte, wie zum Beispiel Bestellungen oder Anfragen, die Sie an uns als Seitenbetreiber senden, eine SSL-bzw. TLS-Verschl\u00fcsselung. Eine verschl\u00fcsselte Verbindung erkennen Sie daran, dass die Adresszeile des Browsers von \u201chttp:\/\/\u201d auf \u201chttps:\/\/\u201d wechselt und an dem Schloss-Symbol in Ihrer Browserzeile. Wenn die SSL- bzw. TLS-Verschl\u00fcsselung aktiviert ist, k\u00f6nnen die Daten, die Sie an uns \u00fcbermitteln, nicht von Dritten mitgelesen werden.<\/span><\/p>\n<p><span style=\"font-size: 14pt; color: #ffffff;\">\u00a0<\/span><\/p>\n<p><span style=\"font-size: 14pt; color: #ffffff;\"><\/span><\/p>\n<h4 class=\"wp-block-heading\"><span style=\"font-size: 14pt; color: #ffffff;\"><strong>SERVER-LOG-DATEIEN<\/strong><\/span><\/h4>\n<p><span style=\"font-size: 14pt; color: #ffffff;\"><\/span><\/p>\n<p><span style=\"color: #ffffff;\">Der Provider der Seiten erhebt und speichert automatisch Informationen in so genannten Server-Log-Dateien, die Ihr Browser automatisch an uns \u00fcbermittelt. Dies sind:<\/span><\/p>\n<p><span style=\"font-size: 14pt; color: #ffffff;\">\u00a0<\/span><\/p>\n<p><span style=\"font-size: 14pt; color: #ffffff;\"><\/span><\/p>\n<ul class=\"wp-block-list\">\n<li><span style=\"font-size: 14pt; color: #ffffff;\">Browsertyp und Browserversion<\/span><\/li>\n<li><span style=\"font-size: 14pt; color: #ffffff;\">verwendetes Betriebssystem<\/span><\/li>\n<li><span style=\"font-size: 14pt; color: #ffffff;\">Referrer URL<\/span><\/li>\n<li><span style=\"font-size: 14pt; color: #ffffff;\">Hostname des zugreifenden Rechners<\/span><\/li>\n<li><span style=\"font-size: 14pt; color: #ffffff;\">Uhrzeit der Serveranfrage<\/span><\/li>\n<li><span style=\"font-size: 14pt; color: #ffffff;\">IP-Adresse<\/span><\/li>\n<\/ul>\n<p><span style=\"font-size: 14pt; color: #ffffff;\"><\/span><\/p>\n<p><span style=\"color: #ffffff;\">Eine Zusammenf\u00fchrung dieser Daten mit anderen Datenquellen wird nicht vorgenommen.<\/span><\/p>\n<p><span style=\"font-size: 14pt; color: #ffffff;\"><\/span><\/p>\n<p><span style=\"color: #ffffff;\">Grundlage f\u00fcr die Datenverarbeitung ist Art. 6 Abs. 1 lit. f DSGVO, der die Verarbeitung von Daten zur Erf\u00fcllung eines Vertrags oder vorvertraglicher Ma\u00dfnahmen gestattet.<\/span><\/p>\n<p><span style=\"font-size: 14pt; color: #ffffff;\">\u00a0<\/span><\/p>\n<p><span style=\"font-size: 14pt; color: #ffffff;\"><\/span><\/p>\n<h4 class=\"wp-block-heading\"><span style=\"font-size: 14pt; color: #ffffff;\"><strong>WIDERRUFSRECHT<\/strong><\/span><\/h4>\n<p><span style=\"font-size: 14pt; color: #ffffff;\"><\/span><\/p>\n<p><span style=\"color: #ffffff;\">Sie haben das Recht, erteilte Einwilligungen gem. Art. 7 Abs. 3 DSGVO mit Wirkung f\u00fcr die Zukunft zu widerrufen<\/span><\/p>\n<p><span style=\"font-size: 14pt; color: #ffffff;\">\u00a0<\/span><\/p>\n<p><span style=\"font-size: 14pt; color: #ffffff;\"><\/span><\/p>\n<h4 class=\"wp-block-heading\"><span style=\"font-size: 14pt; color: #ffffff;\"><strong>WIDERSPRUCHSRECHT<\/strong><\/span><\/h4>\n<p><span style=\"font-size: 14pt; color: #ffffff;\"><\/span><\/p>\n<p><span style=\"color: #ffffff;\">Sie k\u00f6nnen der k\u00fcnftigen Verarbeitung der Sie betreffenden Daten nach Ma\u00dfgabe des Art. 21 DSGVO jederzeit widersprechen. Der Widerspruch kann insbesondere gegen die Verarbeitung f\u00fcr Zwecke der Direktwerbung erfolgen.<\/span><\/p>\n<p><span style=\"font-size: 14pt; color: #ffffff;\">\u00a0<\/span><\/p>\n<p><span style=\"font-size: 14pt; color: #ffffff;\"><\/span><\/p>\n<h4 class=\"wp-block-heading\"><span style=\"font-size: 14pt; color: #ffffff;\"><strong>NUTZUNG VON COOKIES<\/strong><\/span><\/h4>\n<p><span style=\"font-size: 14pt; color: #ffffff;\"><\/span><\/p>\n<p><span style=\"color: #ffffff;\">Die Internetseiten verwenden teilweise so genannte Cookies. Diese dienen dazu, unser Angebot nutzerfreundlicher, effektiver und sicherer zu machen. Cookies sind kleine Textdateien, die auf Ihrem Rechner abgelegt werden und die Ihr Browser speichert. Die meisten der von uns verwendeten Cookies sind so genannte \u201eSession-Cookies\u201c. Sie werden nach Ende Ihres Besuchs automatisch gel\u00f6scht. Cookies richten auf Ihrem Rechner keinen Schaden an und enthalten keine Viren.<\/span><\/p>\n<p><span style=\"font-size: 14pt; color: #ffffff;\">\u00a0<\/span><\/p>\n<p><span style=\"font-size: 14pt; color: #ffffff;\"><\/span><\/p>\n<h4 class=\"wp-block-heading\"><span style=\"font-size: 14pt; color: #ffffff;\"><strong>GOOGLE FONTS<\/strong><\/span><\/h4>\n<p><span style=\"font-size: 14pt; color: #ffffff;\"><\/span><\/p>\n<p><span style=\"color: #ffffff;\">Wir binden die Schriftarten (\u201cGoogle Fonts\u201d) des Anbieters Google LLC, 1600 Amphitheatre Parkway, Mountain View, CA 94043, USA, ein. Datenschutzerkl\u00e4rung: https:\/\/www.google.com\/policies\/privacy\/, Opt-Out: https:\/\/adssettings.google.com\/authenticated.<\/span><\/p>\n<p><span style=\"font-size: 14pt; color: #ffffff;\">\u00a0<\/span><\/p>\n<p><span style=\"font-size: 14pt; color: #ffffff;\"><\/span><\/p>\n<h4 class=\"wp-block-heading\"><span style=\"font-size: 14pt; color: #ffffff;\"><strong>GOOGLE MAPS<\/strong><\/span><\/h4>\n<p><span style=\"font-size: 14pt; color: #ffffff;\"><\/span><\/p>\n<p><span style=\"color: #ffffff;\">Wir binden die Landkarten des Dienstes \u201cGoogle Maps\u201d des Anbieters Google LLC, 1600 Amphitheatre Parkway, Mountain View, CA 94043, USA, ein. Zu den verarbeiteten Daten k\u00f6nnen insbesondere IP-Adressen und Standortdaten der Nutzer geh\u00f6ren, die jedoch nicht ohne deren Einwilligung (im Regelfall im Rahmen der Einstellungen ihrer Mobilger\u00e4te vollzogen), erhoben werden. Die Daten k\u00f6nnen in den USA verarbeitet werden. Datenschutzerkl\u00e4rung: https:\/\/www.google.com\/policies\/privacy\/, Opt-Out: https:\/\/adssettings.google.com\/authenticated.<\/span><\/p>\n<p><span style=\"font-size: 14pt; color: #ffffff;\">\u00a0<\/span><\/p>\n<p><span style=\"font-size: 14pt; color: #ffffff;\"><\/span><\/p>\n<h4 class=\"wp-block-heading\"><span style=\"font-size: 14pt; color: #ffffff;\"><strong>DATENSCHUTZERKL\u00c4RUNG F\u00dcR DIE NUTZUNG VON GOOGLE ANALYTICS<\/strong><\/span><\/h4>\n<p><span style=\"font-size: 14pt; color: #ffffff;\"><\/span><\/p>\n<p><span style=\"color: #ffffff;\">Diese Website benutzt Google Analytics, einen Webanalysedienst der Google Inc. (\u201cGoogle\u201d). Google Analytics verwendet sog. \u201cCookies\u201d, Textdateien, die auf Ihrem Computer gespeichert werden und die eine Analyse der Benutzung der Website durch Sie erm\u00f6glichen. Die durch den Cookie erzeugten Informationen \u00fcber Ihre Benutzung dieser Website werden in der Regel an einen Server von Google in den USA \u00fcbertragen und dort gespeichert. Im Falle der Aktivierung der IP-Anonymisierung auf dieser Webseite wird Ihre IP-Adresse von Google jedoch innerhalb von Mitgliedstaaten der Europ\u00e4ischen Union oder in anderen Vertragsstaaten des Abkommens \u00fcber den Europ\u00e4ischen Wirtschaftsraum zuvor gek\u00fcrzt. Nur in Ausnahmef\u00e4llen wird die volle IP-Adresse an einen Server von Google in den USA \u00fcbertragen und dort gek\u00fcrzt. Im Auftrag des Betreibers dieser Website wird Google diese Informationen benutzen, um Ihre Nutzung der Website auszuwerten, um Reports \u00fcber die Websiteaktivit\u00e4ten zusammenzustellen und um weitere mit der Websitenutzung und der Internetnutzung verbundene Dienstleistungen gegen\u00fcber dem Websitebetreiber zu erbringen. Die im Rahmen von Google Analytics von Ihrem Browser \u00fcbermittelte IP-Adresse wird nicht mit anderen Daten von Google zusammengef\u00fchrt. Sie k\u00f6nnen die Speicherung der Cookies durch eine entsprechende Einstellung Ihrer Browser-Software verhindern; wir weisen Sie jedoch darauf hin, dass Sie in diesem Fall gegebenenfalls nicht s\u00e4mtliche Funktionen dieser Website vollumf\u00e4nglich werden nutzen k\u00f6nnen. Sie k\u00f6nnen dar\u00fcber hinaus die Erfassung der durch das Cookie erzeugten und auf Ihre Nutzung der Website bezogenen Daten (inkl. Ihrer IP-Adresse) an Google sowie die Verarbeitung dieser Daten durch Google verhindern, indem sie das unter dem folgenden Link verf\u00fcgbare Browser-Plugin herunterladen und installieren: http:\/\/tools.google.com\/dlpage\/gaoptout?hl=de.<\/span><\/p>\n<p><span style=\"font-size: 14pt; color: #ffffff;\"><\/span><\/p>\n<p>&nbsp;<\/p>\n<p>[\/vc_column_text][\/vc_column][\/vc_row]<\/p>\n","protected":false},"excerpt":{"rendered":"<p>[vc_row bg_type=&#8221;bg_color&#8221; bg_color_value=&#8221;rgba(89,89,89,0.76)&#8221;][vc_column][vc_column_text] Die Nutzung unserer Webseite ist in der Regel ohne Angabe personenbezogener Daten m\u00f6glich. Soweit auf unseren Seiten personenbezogene Daten (beispielsweise Name, Anschrift oder eMail-Adressen) erhoben werden, werden diese nur zum firmeninternen Gebrauch wie beispielweise Kontaktaufnahme verwendet. Die Daten werden nicht an Dritte weitergegeben. Wir weisen darauf hin, dass die Daten\u00fcbertragung im Internet&hellip;<\/p>\n","protected":false},"author":2,"featured_media":0,"parent":0,"menu_order":0,"comment_status":"closed","ping_status":"closed","template":"","meta":[],"class_list":["post-2","page","type-page","status-publish","hentry","description-off"],"_links":{"self":[{"href":"https:\/\/t2misu.de\/index.php?rest_route=\/wp\/v2\/pages\/2","targetHints":{"allow":["GET"]}}],"collection":[{"href":"https:\/\/t2misu.de\/index.php?rest_route=\/wp\/v2\/pages"}],"about":[{"href":"https:\/\/t2misu.de\/index.php?rest_route=\/wp\/v2\/types\/page"}],"author":[{"embeddable":true,"href":"https:\/\/t2misu.de\/index.php?rest_route=\/wp\/v2\/users\/2"}],"replies":[{"embeddable":true,"href":"https:\/\/t2misu.de\/index.php?rest_route=%2Fwp%2Fv2%2Fcomments&post=2"}],"version-history":[{"count":9,"href":"https:\/\/t2misu.de\/index.php?rest_route=\/wp\/v2\/pages\/2\/revisions"}],"predecessor-version":[{"id":870,"href":"https:\/\/t2misu.de\/index.php?rest_route=\/wp\/v2\/pages\/2\/revisions\/870"}],"wp:attachment":[{"href":"https:\/\/t2misu.de\/index.php?rest_route=%2Fwp%2Fv2%2Fmedia&parent=2"}],"curies":[{"name":"wp","href":"https:\/\/api.w.org\/{rel}","templated":true}]}}